{"id":17883,"date":"2024-02-27T11:12:50","date_gmt":"2024-02-27T17:12:50","guid":{"rendered":"https:\/\/vamosmexico.org.mx\/mapa-del-sitio\/"},"modified":"2024-02-27T11:14:26","modified_gmt":"2024-02-27T17:14:26","slug":"sitemap","status":"publish","type":"page","link":"https:\/\/vamosmexico.org.mx\/en\/sitemap\/","title":{"rendered":"Sitemap"},"content":{"rendered":"<div class=\"wsp-container\"><h2 class=\"wsp-pages-title\">Pages<\/h2>\n<ul class=\"wsp-pages-list\">\n<li class=\"page_item page-item-15946\"><a href=\"https:\/\/vamosmexico.org.mx\/en\/about-us\/\">About us<\/a><\/li>\n<li class=\"page_item page-item-15955\"><a href=\"https:\/\/vamosmexico.org.mx\/en\/become-a-godparent\/\">Become a Godparent<\/a><\/li>\n<li class=\"page_item page-item-18044\"><a href=\"https:\/\/vamosmexico.org.mx\/en\/become-a-godparent-2\/\">Become a Godparent<\/a><\/li>\n<li class=\"page_item page-item-16749\"><a href=\"https:\/\/vamosmexico.org.mx\/en\/blog\/\">Blog<\/a><\/li>\n<li class=\"page_item page-item-15963\"><a href=\"https:\/\/vamosmexico.org.mx\/en\/contact-us\/\">Contact us<\/a><\/li>\n<li class=\"page_item page-item-15922\"><a href=\"https:\/\/vamosmexico.org.mx\/en\/\">Home<\/a><\/li>\n<li class=\"page_item page-item-15931\"><a href=\"https:\/\/vamosmexico.org.mx\/en\/notice-of-privacy\/\">Notice of privacy<\/a><\/li>\n<li class=\"page_item page-item-15951 page_item_has_children\"><a href=\"https:\/\/vamosmexico.org.mx\/en\/programs\/\">Programs<\/a>\n<ul class='children'>\n\t<li class=\"page_item page-item-16660\"><a href=\"https:\/\/vamosmexico.org.mx\/en\/programs\/learn-about-our-social-programs\/\">Learn about our social programs<\/a><\/li>\n<\/ul>\n<\/li>\n<li class=\"page_item page-item-15959\"><a href=\"https:\/\/vamosmexico.org.mx\/en\/reports\/\">Reports<\/a><\/li>\n<li class=\"page_item page-item-17883\"><a href=\"https:\/\/vamosmexico.org.mx\/en\/sitemap\/\">Sitemap<\/a><\/li>\n<\/ul>\n<h2 class=\"wsp-posts-title\">Posts by category<\/h2>\n<ul class=\"wsp-posts-list\">\n\t<li><strong class=\"wsp-category-title\">Category: <a href=\"https:\/\/vamosmexico.org.mx\/en\/blog\/category\/blog-en\/\">Blog<\/a><\/strong>\n<ul class=\"wsp-posts-list\">\t\t<li class=\"wsp-post\"><a href=\"https:\/\/vamosmexico.org.mx\/en\/blog\/how-to-identify-workplace-burnout\/\">HOW TO IDENTIFY WORKPLACE BURNOUT: Its effects on mental health<\/a><\/li>\n\t\t<li class=\"wsp-post\"><a href=\"https:\/\/vamosmexico.org.mx\/en\/blog\/living-with-a-person-with-a-disability\/\">LIVING WITH A PERSON WITH A DISABILITY<\/a><\/li>\n\t\t<li class=\"wsp-post\"><a href=\"https:\/\/vamosmexico.org.mx\/en\/blog\/detect-breast-cancer-in-time\/\">DETECT BREAST CANCER IN TIME<\/a><\/li>\n\t\t<li class=\"wsp-post\"><a href=\"https:\/\/vamosmexico.org.mx\/en\/blog\/the-power-of-gratitude\/\">THE POWER OF GRATITUDE: Closing the year with social awareness and mental health<\/a><\/li>\n\t\t<li class=\"wsp-post\"><a href=\"https:\/\/vamosmexico.org.mx\/en\/blog\/three-stories-to-reflect-on-life\/\">Three Little Stories to Reflect About Life<\/a><\/li>\n\t\t<li class=\"wsp-post\"><a href=\"https:\/\/vamosmexico.org.mx\/en\/blog\/how-to-help-at-the-public-thoroughfare\/\">HOW TO HELP AT THE  PUBLIC THOROUGHFARE<\/a><\/li>\n\t\t<li class=\"wsp-post\"><a href=\"https:\/\/vamosmexico.org.mx\/en\/blog\/creating-inclusive-spaces-a-huge-step-into-equality\/\">CREATING INCLUSIVE SPACES: A huge step into equality<\/a><\/li>\n<\/ul><\/li>\n\t<li><strong class=\"wsp-category-title\">Category: <a href=\"https:\/\/vamosmexico.org.mx\/en\/blog\/category\/blog_en\/\">Blog_en<\/a><\/strong>\n<ul class=\"wsp-posts-list\">\t\t<li class=\"wsp-post\"><a href=\"https:\/\/vamosmexico.org.mx\/en\/blog\/alas-fifth-generation\/\">ALAS: FIFTH GENERATION<\/a><\/li>\n\t\t<li class=\"wsp-post\"><a href=\"https:\/\/vamosmexico.org.mx\/en\/blog\/listen-to-your-kidneys\/\">LISTEN TO YOUR KIDNEYS<\/a><\/li>\n\t\t<li class=\"wsp-post\"><a href=\"https:\/\/vamosmexico.org.mx\/en\/blog\/tips-for-cases-of-infarctions-and-attacks-on-public-roads\/\">TIPS FOR CASES OF INFARCTIONS AND ATTACKS ON PUBLIC ROADS<\/a><\/li>\n<\/ul><\/li>\n\t<li><strong class=\"wsp-category-title\">Category: <a href=\"https:\/\/vamosmexico.org.mx\/en\/blog\/category\/educacion-en\/\">Educacion<\/a><\/strong>\n<\/li>\n\t<li><strong class=\"wsp-category-title\">Category: <a href=\"https:\/\/vamosmexico.org.mx\/en\/blog\/category\/education\/\">Education<\/a><\/strong>\n<ul class=\"wsp-posts-list\">\t\t<li class=\"wsp-post\"><a href=\"https:\/\/vamosmexico.org.mx\/en\/blog\/fundacion-vamos-mexico-and-crisma-receive-a-prize-from-labor-merit-2017\/\">Fundaci\u00f3n Vamos Mexico and Crisma receive a prize from Labor Merit 2017<\/a><\/li>\n<\/ul><\/li>\n\t<li><strong class=\"wsp-category-title\">Category: <a href=\"https:\/\/vamosmexico.org.mx\/en\/blog\/category\/news\/\">News<\/a><\/strong>\n<ul class=\"wsp-posts-list\">\t\t<li class=\"wsp-post\"><a href=\"https:\/\/vamosmexico.org.mx\/en\/blog\/vamos-mexicos-10-golf-tournament-with-a-cause\/\">Vamos M\u00e9xico&#8217;s 10\u00b0 Golf Tournament with A Cause!<\/a><\/li>\n\t\t<li class=\"wsp-post\"><a href=\"https:\/\/vamosmexico.org.mx\/en\/blog\/alovea-vamos-mexico-a-new-model-of-social-business\/\">ALOV\u00c9A &#038; VAMOS M\u00c9XICO: A New Model of Social Business<\/a><\/li>\n\t\t<li class=\"wsp-post\"><a href=\"https:\/\/vamosmexico.org.mx\/en\/blog\/university-of-california-san-diego-and-fundacion-vamos-mexico-an-alliance-for-education\/\">University of California San Diego and Fundaci\u00f3n Vamos M\u00e9xico: An alliance for education<\/a><\/li>\n\t\t<li class=\"wsp-post\"><a href=\"https:\/\/vamosmexico.org.mx\/en\/blog\/welcome-california-delegation\/\">WELCOME CALIFORNIA DELEGATION!<\/a><\/li>\n\t\t<li class=\"wsp-post\"><a href=\"https:\/\/vamosmexico.org.mx\/en\/blog\/institutionality-and-transparency-accreditation\/\">INSTITUTIONALITY AND TRANSPARENCY ACCREDITATION<\/a><\/li>\n\t\t<li class=\"wsp-post\"><a href=\"https:\/\/vamosmexico.org.mx\/en\/blog\/two-testimonies-of-the-2nd-generation-of-wings\/\">TWO TESTIMONIES OF THE 2ND GENERATION OF WINGS<\/a><\/li>\n\t\t<li class=\"wsp-post\"><a href=\"https:\/\/vamosmexico.org.mx\/en\/blog\/inauguration-of-the-new-crism\/\">INAUGURATION OF THE NEW CRISM<\/a><\/li>\n\t\t<li class=\"wsp-post\"><a href=\"https:\/\/vamosmexico.org.mx\/en\/blog\/vamos-mexico-foundation-celebrates-18-years-of-adding-efforts\/\">VAMOS M\u00c9XICO FOUNDATION CELEBRATES 18 YEARS OF ADDING EFFORTS<\/a><\/li>\n\t\t<li class=\"wsp-post\"><a href=\"https:\/\/vamosmexico.org.mx\/en\/blog\/methodist-golf-tournament-supports-crisma\/\">METHODIST GOLF TOURNAMENT SUPPORTS CRISMA<\/a><\/li>\n\t\t<li class=\"wsp-post\"><a href=\"https:\/\/vamosmexico.org.mx\/en\/blog\/partners-in-wheelchair-delivery\/\">PARTNERS IN WHEELCHAIR DELIVERY<\/a><\/li>\n\t\t<li class=\"wsp-post\"><a href=\"https:\/\/vamosmexico.org.mx\/en\/blog\/lorena-ochoa-golfer-with-a-cause\/\">LORENA OCHOA: GOLFER WITH A CAUSE<\/a><\/li>\n\t\t<li class=\"wsp-post\"><a href=\"https:\/\/vamosmexico.org.mx\/en\/blog\/rigoberta-menchu-adding-for-mexico\/\">RIGOBERTA MENCH\u00da ADDING FOR MEXICO<\/a><\/li>\n\t\t<li class=\"wsp-post\"><a href=\"https:\/\/vamosmexico.org.mx\/en\/blog\/vamos-mexico-foundation-wins-for-the-second-consecutive-year-the-labor-merit-award\/\">Vamos M\u00e9xico Foundation Wins for the Second Consecutive Year the Labor Merit Award<\/a><\/li>\n\t\t<li class=\"wsp-post\"><a href=\"https:\/\/vamosmexico.org.mx\/en\/blog\/nuevas-historias-empiezan-a-rodar-primer-entrega-de-sillas-de-ruedas\/\">NEW STORIES BEGIN TO ROLL; FIRST DELIVERY OF WHEELCHAIRS<\/a><\/li>\n\t\t<li class=\"wsp-post\"><a href=\"https:\/\/vamosmexico.org.mx\/en\/blog\/concludes-press-conference-of-the-golf-tournament-with-cause-for-the-benefit-of-crisma\/\">CONCLUDES PRESS CONFERENCE OF THE GOLF TOURNAMENT WITH CAUSE FOR THE BENEFIT OF CRISMA<\/a><\/li>\n\t\t<li class=\"wsp-post\"><a href=\"https:\/\/vamosmexico.org.mx\/en\/blog\/forum-of-innovation-and-social-impact-2018\/\">FORUM OF INNOVATION AND SOCIAL IMPACT 2018<\/a><\/li>\n\t\t<li class=\"wsp-post\"><a href=\"https:\/\/vamosmexico.org.mx\/en\/blog\/together-we-generate-innovation-and-social-impact-in-guanajuato\/\">TOGETHER WE GENERATE INNOVATION AND SOCIAL IMPACT IN GUANAJUATO<\/a><\/li>\n\t\t<li class=\"wsp-post\"><a href=\"https:\/\/vamosmexico.org.mx\/en\/blog\/they-placed-the-first-stone-of-the-crisma-rehabilitation-center\/\">THEY PLACED THE FIRST STONE OF THE CRISMA REHABILITATION CENTER<\/a><\/li>\n\t\t<li class=\"wsp-post\"><a href=\"https:\/\/vamosmexico.org.mx\/en\/blog\/beep-supports-the-cause-of-crisma\/\">BEEP SUPPORTS THE CAUSE OF CRISMA<\/a><\/li>\n\t\t<li class=\"wsp-post\"><a href=\"https:\/\/vamosmexico.org.mx\/en\/blog\/adding-efforts-with-cruz-roja-de-leon-guanajuato-for-the-damnified\/\">ADDING EFFORTS WITH CRUZ ROJA DE LE\u00d3N GUANAJUATO FOR THE DAMNIFIED<\/a><\/li>\n\t\t<li class=\"wsp-post\"><a href=\"https:\/\/vamosmexico.org.mx\/en\/blog\/unidos-por-la-discapacidad-beneficia-a-260-personas\/\">UNITED FOR DISABILITY BENEFITS 260 PEOPLE<\/a><\/li>\n\t\t<li class=\"wsp-post\"><a href=\"https:\/\/vamosmexico.org.mx\/en\/blog\/marta-sahagun-participates-in-the-forum-thinking-about-the-21st-century\/\">MARTA SAHAG\u00daN PARTICIPATES IN THE FORUM THINKING ABOUT THE 21ST CENTURY<\/a><\/li>\n\t\t<li class=\"wsp-post\"><a href=\"https:\/\/vamosmexico.org.mx\/en\/blog\/successful-edition-of-the-san-cristobal-athletic-race\/\">SUCCESSFUL EDITION OF THE SAN CRIST\u00d3BAL ATHLETIC RACE<\/a><\/li>\n\t\t<li class=\"wsp-post\"><a href=\"https:\/\/vamosmexico.org.mx\/en\/blog\/a-great-social-commitment-of-evolv-to-mexico\/\">A GREAT SOCIAL COMMITMENT OF EVOLV TO MEXICO<\/a><\/li>\n\t\t<li class=\"wsp-post\"><a href=\"https:\/\/vamosmexico.org.mx\/en\/blog\/strengthening-associations-in-san-miguel-de-allende\/\">STRENGTHENING ASSOCIATIONS IN SAN MIGUEL DE ALLENDE<\/a><\/li>\n\t\t<li class=\"wsp-post\"><a href=\"https:\/\/vamosmexico.org.mx\/en\/blog\/united-for-disability-arrives-to-michoacan\/\">UNITED FOR DISABILITY ARRIVES TO MICHOAC\u00c1N<\/a><\/li>\n\t\t<li class=\"wsp-post\"><a href=\"https:\/\/vamosmexico.org.mx\/en\/blog\/meet-the-famous-designer-with-down-syndrome-isabella\/\">MEET THE FAMOUS DESIGNER WITH DOWN SYNDROME, ISABELLA<\/a><\/li>\n\t\t<li class=\"wsp-post\"><a href=\"https:\/\/vamosmexico.org.mx\/en\/blog\/one-of-the-most-important-sports-races-in-guanajuato-is-about-to-begin\/\">ONE OF THE MOST IMPORTANT SPORTS RACES IN GUANAJUATO IS ABOUT TO BEGIN<\/a><\/li>\n\t\t<li class=\"wsp-post\"><a href=\"https:\/\/vamosmexico.org.mx\/en\/blog\/with-social-commitment-start-the-dream-of-community-leaders\/\">WITH SOCIAL COMMITMENT START THE DREAM OF COMMUNITY LEADERS<\/a><\/li>\n\t\t<li class=\"wsp-post\"><a href=\"https:\/\/vamosmexico.org.mx\/en\/blog\/we-continue-with-the-deliveries-of-bread-of-life\/\">WE CONTINUE WITH THE DELIVERIES OF &#8220;BREAD OF LIFE<\/a><\/li>\n\t\t<li class=\"wsp-post\"><a href=\"https:\/\/vamosmexico.org.mx\/en\/blog\/marta-sahagun-recognizes-socially-responsible-companies\/\">MARTA SAHAG\u00daN RECOGNIZES SOCIALLY RESPONSIBLE COMPANIES<\/a><\/li>\n\t\t<li class=\"wsp-post\"><a href=\"https:\/\/vamosmexico.org.mx\/en\/blog\/visual-health-campaign-arrives-to-san-cristobal-and-surrounding-communities\/\">VISUAL HEALTH CAMPAIGN ARRIVES TO SAN CRIST\u00d3BAL AND SURROUNDING COMMUNITIES<\/a><\/li>\n\t\t<li class=\"wsp-post\"><a href=\"https:\/\/vamosmexico.org.mx\/en\/blog\/they-play-for-a-social-cause-in-the-embajadores-golf-cup-in-cdmx\/\">THEY PLAY FOR A SOCIAL CAUSE IN THE EMBAJADORES GOLF CUP IN CDMX<\/a><\/li>\n\t\t<li class=\"wsp-post\"><a href=\"https:\/\/vamosmexico.org.mx\/en\/blog\/ms-marta-sahagun-de-fox-talk-on-the-power-of-communication\/\">MS. MARTA SAHAG\u00daN DE FOX TALK ON THE POWER OF COMMUNICATION<\/a><\/li>\n\t\t<li class=\"wsp-post\"><a href=\"https:\/\/vamosmexico.org.mx\/en\/blog\/united-for-disability-deliveries-of-wheelchairs-continue\/\">&#8220;UNITED FOR DISABILITY&#8221; DELIVERIES OF WHEELCHAIRS CONTINUE<\/a><\/li>\n\t\t<li class=\"wsp-post\"><a href=\"https:\/\/vamosmexico.org.mx\/en\/blog\/vamos-mexico-foundation-une-families-in-lagos-de-moreno-jalisco\/\">VAMOS MEXICO FOUNDATION UNE FAMILIES IN LAGOS DE MORENO JALISCO<\/a><\/li>\n\t\t<li class=\"wsp-post\"><a href=\"https:\/\/vamosmexico.org.mx\/en\/blog\/juntos-generamos-un-mayor-impacto-social-en-fundraising-forum-2017\/\">TOGETHER WE GENERATE A GREATER SOCIAL IMPACT AT FUNDRAISING FORUM 2017.<\/a><\/li>\n\t\t<li class=\"wsp-post\"><a href=\"https:\/\/vamosmexico.org.mx\/en\/blog\/they-detonate-their-impact-with-the-course-leadership-and-collaboration-taught-by-ibm-and-fundacion-vamos-mexico\/\">They detonate their impact with the course &#8220;Leadership and Collaboration&#8221; taught by IBM and Fundaci\u00f3n Vamos Mexico<\/a><\/li>\n\t\t<li class=\"wsp-post\"><a href=\"https:\/\/vamosmexico.org.mx\/en\/blog\/continue-deliveries-of-bread-of-life\/\">Continue deliveries of &#8220;Bread of life&#8221;<\/a><\/li>\n\t\t<li class=\"wsp-post\"><a href=\"https:\/\/vamosmexico.org.mx\/en\/blog\/health-workshops-from-foundation-vamos-mexico\/\">Health Workshops from Foundation Vamos Mexico<\/a><\/li>\n\t\t<li class=\"wsp-post\"><a href=\"https:\/\/vamosmexico.org.mx\/en\/blog\/the-second-installment-of-the-bread-of-life-program-is-carried-out\/\">The second installment of the &#8220;Bread of Life&#8221; program is carried out<\/a><\/li>\n\t\t<li class=\"wsp-post\"><a href=\"https:\/\/vamosmexico.org.mx\/en\/blog\/reyes-magi-come-to-communities-of-guanajuato\/\">Reyes Magi come to communities of Guanajuato<\/a><\/li>\n<\/ul><\/li>\n\t<li><strong class=\"wsp-category-title\">Category: <a href=\"https:\/\/vamosmexico.org.mx\/en\/blog\/category\/prevention-en\/\">Prevention<\/a><\/strong>\n<\/li>\n\t<li><strong class=\"wsp-category-title\">Category: <a href=\"https:\/\/vamosmexico.org.mx\/en\/blog\/category\/sin-categorizar\/\">Sin categorizar<\/a><\/strong>\n<ul class=\"wsp-posts-list\">\t\t<li class=\"wsp-post\"><a href=\"https:\/\/vamosmexico.org.mx\/en\/blog\/swinging-and-dreaming-the-spiritual-meaning-of-golf\/\">SWINGING AND DREAMING: The spiritual meaning of golf<\/a><\/li>\n<\/ul><\/li>\n<\/ul>\n<\/div>\n","protected":false},"excerpt":{"rendered":"","protected":false},"author":1,"featured_media":0,"parent":0,"menu_order":0,"comment_status":"closed","ping_status":"closed","template":"","meta":{"inline_featured_image":false,"footnotes":""},"class_list":["post-17883","page","type-page","status-publish","hentry"],"yoast_head":"<!-- This site is optimized with the Yoast SEO plugin v22.1 - https:\/\/yoast.com\/wordpress\/plugins\/seo\/ -->\n<title>Sitemap - Fundaci\u00f3n Vamos M\u00e9xico<\/title>\n<meta name=\"description\" content=\"Visita nuestra p\u00e1gina Sitemap - Fundaci\u00f3n Vamos M\u00e9xico\" \/>\n<meta name=\"robots\" content=\"index, follow, max-snippet:-1, max-image-preview:large, max-video-preview:-1\" \/>\n<link rel=\"canonical\" href=\"https:\/\/vamosmexico.org.mx\/en\/sitemap\/\" \/>\n<meta property=\"og:locale\" content=\"en_US\" \/>\n<meta property=\"og:type\" content=\"article\" \/>\n<meta property=\"og:title\" content=\"Sitemap - Fundaci\u00f3n Vamos M\u00e9xico\" \/>\n<meta property=\"og:description\" content=\"Visita nuestra p\u00e1gina Sitemap - Fundaci\u00f3n Vamos M\u00e9xico\" \/>\n<meta property=\"og:url\" content=\"https:\/\/vamosmexico.org.mx\/en\/sitemap\/\" \/>\n<meta property=\"og:site_name\" content=\"Fundaci\u00f3n Vamos M\u00e9xico\" \/>\n<meta property=\"article:modified_time\" content=\"2024-02-27T17:14:26+00:00\" \/>\n<meta property=\"og:image\" content=\"https:\/\/vamosmexico.org.mx\/wp-content\/uploads\/2024\/02\/logo-seo.jpg\" \/>\n\t<meta property=\"og:image:width\" content=\"1200\" \/>\n\t<meta property=\"og:image:height\" content=\"675\" \/>\n\t<meta property=\"og:image:type\" content=\"image\/jpeg\" \/>\n<meta name=\"twitter:card\" content=\"summary_large_image\" \/>\n<meta name=\"twitter:label1\" content=\"Est. reading time\" \/>\n\t<meta name=\"twitter:data1\" content=\"1 minute\" \/>\n<script type=\"application\/ld+json\" class=\"yoast-schema-graph\">{\"@context\":\"https:\/\/schema.org\",\"@graph\":[{\"@type\":\"WebPage\",\"@id\":\"https:\/\/vamosmexico.org.mx\/en\/sitemap\/\",\"url\":\"https:\/\/vamosmexico.org.mx\/en\/sitemap\/\",\"name\":\"Sitemap - Fundaci\u00f3n Vamos M\u00e9xico\",\"isPartOf\":{\"@id\":\"https:\/\/vamosmexico.org.mx\/#website\"},\"datePublished\":\"2024-02-27T17:12:50+00:00\",\"dateModified\":\"2024-02-27T17:14:26+00:00\",\"description\":\"Visita nuestra p\u00e1gina Sitemap - Fundaci\u00f3n Vamos M\u00e9xico\",\"breadcrumb\":{\"@id\":\"https:\/\/vamosmexico.org.mx\/en\/sitemap\/#breadcrumb\"},\"inLanguage\":\"en-US\",\"potentialAction\":[{\"@type\":\"ReadAction\",\"target\":[\"https:\/\/vamosmexico.org.mx\/en\/sitemap\/\"]}]},{\"@type\":\"BreadcrumbList\",\"@id\":\"https:\/\/vamosmexico.org.mx\/en\/sitemap\/#breadcrumb\",\"itemListElement\":[{\"@type\":\"ListItem\",\"position\":1,\"name\":\"Portada\",\"item\":\"https:\/\/vamosmexico.org.mx\/en\/\"},{\"@type\":\"ListItem\",\"position\":2,\"name\":\"Sitemap\"}]},{\"@type\":\"WebSite\",\"@id\":\"https:\/\/vamosmexico.org.mx\/#website\",\"url\":\"https:\/\/vamosmexico.org.mx\/\",\"name\":\"Fundaci\u00f3n Vamos M\u00e9xico\",\"description\":\"Fundaci\u00f3n Vamos M\u00e9xico is a non-profit social organization that began activities on September 24, 2001.\",\"publisher\":{\"@id\":\"https:\/\/vamosmexico.org.mx\/#organization\"},\"potentialAction\":[{\"@type\":\"SearchAction\",\"target\":{\"@type\":\"EntryPoint\",\"urlTemplate\":\"https:\/\/vamosmexico.org.mx\/?s={search_term_string}\"},\"query-input\":\"required name=search_term_string\"}],\"inLanguage\":\"en-US\"},{\"@type\":\"Organization\",\"@id\":\"https:\/\/vamosmexico.org.mx\/#organization\",\"name\":\"Fundaci\u00f3n Vamos M\u00e9xico\",\"url\":\"https:\/\/vamosmexico.org.mx\/\",\"logo\":{\"@type\":\"ImageObject\",\"inLanguage\":\"en-US\",\"@id\":\"https:\/\/vamosmexico.org.mx\/#\/schema\/logo\/image\/\",\"url\":\"https:\/\/vamosmexico.org.mx\/wp-content\/uploads\/2023\/07\/logo-grande.png\",\"contentUrl\":\"https:\/\/vamosmexico.org.mx\/wp-content\/uploads\/2023\/07\/logo-grande.png\",\"width\":375,\"height\":364,\"caption\":\"Fundaci\u00f3n Vamos M\u00e9xico\"},\"image\":{\"@id\":\"https:\/\/vamosmexico.org.mx\/#\/schema\/logo\/image\/\"}}]}<\/script>\n<!-- \/ Yoast SEO plugin. -->","yoast_head_json":{"title":"Sitemap - Fundaci\u00f3n Vamos M\u00e9xico","description":"Visita nuestra p\u00e1gina Sitemap - Fundaci\u00f3n Vamos M\u00e9xico","robots":{"index":"index","follow":"follow","max-snippet":"max-snippet:-1","max-image-preview":"max-image-preview:large","max-video-preview":"max-video-preview:-1"},"canonical":"https:\/\/vamosmexico.org.mx\/en\/sitemap\/","og_locale":"en_US","og_type":"article","og_title":"Sitemap - Fundaci\u00f3n Vamos M\u00e9xico","og_description":"Visita nuestra p\u00e1gina Sitemap - Fundaci\u00f3n Vamos M\u00e9xico","og_url":"https:\/\/vamosmexico.org.mx\/en\/sitemap\/","og_site_name":"Fundaci\u00f3n Vamos M\u00e9xico","article_modified_time":"2024-02-27T17:14:26+00:00","og_image":[{"width":1200,"height":675,"url":"https:\/\/vamosmexico.org.mx\/wp-content\/uploads\/2024\/02\/logo-seo.jpg","type":"image\/jpeg"}],"twitter_card":"summary_large_image","twitter_misc":{"Est. reading time":"1 minute"},"schema":{"@context":"https:\/\/schema.org","@graph":[{"@type":"WebPage","@id":"https:\/\/vamosmexico.org.mx\/en\/sitemap\/","url":"https:\/\/vamosmexico.org.mx\/en\/sitemap\/","name":"Sitemap - Fundaci\u00f3n Vamos M\u00e9xico","isPartOf":{"@id":"https:\/\/vamosmexico.org.mx\/#website"},"datePublished":"2024-02-27T17:12:50+00:00","dateModified":"2024-02-27T17:14:26+00:00","description":"Visita nuestra p\u00e1gina Sitemap - Fundaci\u00f3n Vamos M\u00e9xico","breadcrumb":{"@id":"https:\/\/vamosmexico.org.mx\/en\/sitemap\/#breadcrumb"},"inLanguage":"en-US","potentialAction":[{"@type":"ReadAction","target":["https:\/\/vamosmexico.org.mx\/en\/sitemap\/"]}]},{"@type":"BreadcrumbList","@id":"https:\/\/vamosmexico.org.mx\/en\/sitemap\/#breadcrumb","itemListElement":[{"@type":"ListItem","position":1,"name":"Portada","item":"https:\/\/vamosmexico.org.mx\/en\/"},{"@type":"ListItem","position":2,"name":"Sitemap"}]},{"@type":"WebSite","@id":"https:\/\/vamosmexico.org.mx\/#website","url":"https:\/\/vamosmexico.org.mx\/","name":"Fundaci\u00f3n Vamos M\u00e9xico","description":"Fundaci\u00f3n Vamos M\u00e9xico is a non-profit social organization that began activities on September 24, 2001.","publisher":{"@id":"https:\/\/vamosmexico.org.mx\/#organization"},"potentialAction":[{"@type":"SearchAction","target":{"@type":"EntryPoint","urlTemplate":"https:\/\/vamosmexico.org.mx\/?s={search_term_string}"},"query-input":"required name=search_term_string"}],"inLanguage":"en-US"},{"@type":"Organization","@id":"https:\/\/vamosmexico.org.mx\/#organization","name":"Fundaci\u00f3n Vamos M\u00e9xico","url":"https:\/\/vamosmexico.org.mx\/","logo":{"@type":"ImageObject","inLanguage":"en-US","@id":"https:\/\/vamosmexico.org.mx\/#\/schema\/logo\/image\/","url":"https:\/\/vamosmexico.org.mx\/wp-content\/uploads\/2023\/07\/logo-grande.png","contentUrl":"https:\/\/vamosmexico.org.mx\/wp-content\/uploads\/2023\/07\/logo-grande.png","width":375,"height":364,"caption":"Fundaci\u00f3n Vamos M\u00e9xico"},"image":{"@id":"https:\/\/vamosmexico.org.mx\/#\/schema\/logo\/image\/"}}]}},"_links":{"self":[{"href":"https:\/\/vamosmexico.org.mx\/en\/wp-json\/wp\/v2\/pages\/17883","targetHints":{"allow":["GET"]}}],"collection":[{"href":"https:\/\/vamosmexico.org.mx\/en\/wp-json\/wp\/v2\/pages"}],"about":[{"href":"https:\/\/vamosmexico.org.mx\/en\/wp-json\/wp\/v2\/types\/page"}],"author":[{"embeddable":true,"href":"https:\/\/vamosmexico.org.mx\/en\/wp-json\/wp\/v2\/users\/1"}],"replies":[{"embeddable":true,"href":"https:\/\/vamosmexico.org.mx\/en\/wp-json\/wp\/v2\/comments?post=17883"}],"version-history":[{"count":0,"href":"https:\/\/vamosmexico.org.mx\/en\/wp-json\/wp\/v2\/pages\/17883\/revisions"}],"wp:attachment":[{"href":"https:\/\/vamosmexico.org.mx\/en\/wp-json\/wp\/v2\/media?parent=17883"}],"curies":[{"name":"wp","href":"https:\/\/api.w.org\/{rel}","templated":true}]}}